{"id":1808,"date":"2021-06-07T07:18:10","date_gmt":"2021-06-07T07:18:10","guid":{"rendered":"https:\/\/bonillart.tech\/home\/"},"modified":"2026-01-20T06:33:55","modified_gmt":"2026-01-20T11:33:55","slug":"home","status":"publish","type":"page","link":"https:\/\/bonillart.tech\/en\/","title":{"rendered":"INICIO"},"content":{"rendered":"<div data-elementor-type=\"wp-page\" data-elementor-id=\"1808\" class=\"elementor elementor-1808\" data-elementor-post-type=\"page\">\n\t\t\t\t\t\t<section class=\"elementor-section elementor-top-section elementor-element elementor-element-18b6e7c elementor-section-full_width elementor-hidden-tablet elementor-hidden-mobile elementor-section-height-default elementor-section-height-default\" data-id=\"18b6e7c\" data-element_type=\"section\">\n\t\t\t\t\t\t<div class=\"elementor-container elementor-column-gap-no\">\n\t\t\t\t\t<div class=\"elementor-column elementor-col-100 elementor-top-column elementor-element elementor-element-5d0fecf\" data-id=\"5d0fecf\" data-element_type=\"column\">\n\t\t\t<div class=\"elementor-widget-wrap elementor-element-populated\">\n\t\t\t\t\t\t<div class=\"elementor-element elementor-element-1142ba8 elementor-widget elementor-widget-yprm_banner\" data-id=\"1142ba8\" data-element_type=\"widget\" data-widget_type=\"yprm_banner.default\">\n\t\t\t\t<div class=\"elementor-widget-container\">\n\t\t\t\t\t\t\t\t<div class=\"banner-wrapper banner-area banner-69d45363135a5 external-indent\" style=\"--transition-speed: 2300ms;\" data-settings=\"{&quot;loop&quot;:true,&quot;speed&quot;:300,&quot;autoplay&quot;:{&quot;delay&quot;:1200,&quot;disableOnInteraction&quot;:false,&quot;pauseOnMouseEnter&quot;:false},&quot;arrows&quot;:false,&quot;dots&quot;:false,&quot;dots_position&quot;:null,&quot;animation&quot;:&quot;&quot;}\">\r\n\t\t\t\t\t\t<div class=\"banner-social-buttons\">\r\n\t\t\t<div class=\"links\">\r\n\t\t\t\t      <a class=\"item\" href=\"https:\/\/www.linkedin.com\/in\/fabian-bonilla-jaramillo-97335958\/?utm_source=share&#038;utm_campaign=share_via&#038;utm_content=profile&#038;utm_medium=ios_app\" target=\"_blank\">\r\n        <i class=\"fab fa-linkedin\"><\/i>        <span>linkedin<\/span>\r\n      <\/a>\r\n          <a class=\"item\" href=\"https:\/\/www.instagram.com\/efevisual?igsh=MTJwNnl0N3hiZ3JleQ%3D%3D&#038;utm_source=qr\" target=\"_blank\">\r\n        <i class=\"fab fa-instagram\"><\/i>        <span>instagram<\/span>\r\n      <\/a>\r\n          <a class=\"item\" href=\"https:\/\/www.youtube.com\/@efevisual\" target=\"_blank\">\r\n        <i class=\"fab fa-youtube\"><\/i>        <span>youtube<\/span>\r\n      <\/a>\r\n    \t\t\t<\/div>\r\n\t\t<\/div>\r\n\t\t\t\t\t\t\t\t\t\t\t\t\t<div class=\"banner-about content\">\r\n\t\t\t\t<div class=\"row\">\r\n\t\t\t\t\t\t\t\t\t\t\t\t<div class=\"image col-12 col-md-6\" style=\"background-image: url(https:\/\/bonillart.tech\/wp-content\/uploads\/2025\/10\/01254s1s.jpg);\"><\/div>\r\n        <div class=\"text col-12 col-md-6\">\r\n\t\t\t\t\t\t\t<div class=\"wrap\">\r\n\t\t\t\t\t<div class=\"cell\">\r\n\t\t\t\t\t\t\t\t\t\t\t\t\t<div class=\"image\" style=\"background-image: url(https:\/\/bonillart.tech\/wp-content\/uploads\/2025\/10\/01254s1s.jpg);\"><\/div>\r\n\t\t\t\t\t\t\t\t\t\t\t\t\t\t\t<div class=\"sub-h\">About me<\/div>\r\n\t\t\t\t\t\t\t\t\t\t\t\t\t\t\t\t\t<div class=\"text-p\">Transmedia filmmaker with experience in photography, video, motion graphics, AI animation and XR\/VR\/AR project development. I combine visual storytelling and emerging technology to create innovative experiences in cultural, artistic and commercial environments. I am currently pursuing a Master in AI in Communication and Media at the Complutense University of Madrid (UCM), integrating generative models and advanced workflows for audiovisual production.<\/div>\r\n\t\t\t\t\t\t\t\t      <a href=\"https:\/\/bonillart.tech\/en\/escribeme\/\" class=\"button-style2\"   rel=\"nofollow\">\r\n        Contact me      <\/a>\r\n    \t\t\t\t\t<\/div>\r\n\t\t\t\t<\/div>\r\n\t\t\t\t\t\t\t<div class=\"bg-word\">\r\n\t\t\t\t\t\t\t\t\tFabian Bonilla\t\t\t\t\t\t\t<\/div>\r\n\t\t\t\t\t<\/div>\r\n\t\t\t\t\t\t<\/div>\r\n\t\t\t<\/div>\r\n\t\t\t\t\t\t\t\t\t<div class=\"banner-right-buttons widget-elementor\">\r\n\t\t\t\t<div class=\"cell\">\r\n\t\t\t\t\t\r\n\t\t\t\t\t              <div class=\"button about\">\r\n                <span class=\"h\">Fabian Bonilla<\/span>\r\n                <span class=\"close\"><i class=\"basic-ui-icon-cancel\"><\/i>\r\n                                      Close                  \t\t\t\t\t\t\t\t<\/span>\r\n\t\t\t\t\t\t\t<\/div>\r\n\t\t\t\t\t\t          \t\t\t\t<\/div>\r\n\t\t\t<\/div>\r\n\t\t\r\n\t\t\t\t<div class=\"banner banner-items banner-69d45363135ae\" id=\"banner-69d45363135af\">\r\n          <div class=\"swiper\">\r\n            <div class=\"swiper-wrapper\">\r\n                    <div class=\"item swiper-slide item-banner banner-item-69d4536313f70 elementor-repeater-item-d6e2363 tal inherit\">\r\n        <div class=\"bg-image\" style=\"background-image: url(https:\/\/bonillart.tech\/wp-content\/uploads\/2025\/12\/cover-reel.jpg)\"><\/div>\r\n                  \n    <div class=\"bg-overlay\">\n              <div class=\"video-wrap\"><div class=\"video\" webkit-playsinline=\"true\" playsinline=\"true\" data-quality=\"720p\" data-muted=\"true\" data-type=\"youtube\" data-id=\"62sJbTROVlE\"><\/div><\/div>                  <\/div>\n\n                            <div class=\"container\">\r\n          <div class=\"cell bottom  wpb_animate_when_almost_visible wpb_appear appear\">\r\n\t\t\t\t\t\t\t\t\t\t\t\t\t<div class=\"heading heading-with-num-type2\">\r\n\t\t\t\t\t\t\t\t<div class=\"top\">\r\n\t\t\t\t\t\t\t\t\t<div class=\"num\"><\/div>\r\n\t\t\t\t\t\t\t\t\t\t\t\t\t\t\t\t\t<\/div>\r\n\t\t\t\t\t\t\t\t<h2 class=\"h\">\r\n\t\t\t\t\t\t\t\t\t\t\t\t\t\t\t\t\t<\/h2>\r\n\t\t\t\t\t\t\t<\/div>\r\n\t\t\t\t\t\t\t\t\t\t\t\t\t\t\t\t\t    \t\t\t\t\t\t\t\t\t\t\t<\/div>\r\n\t\t\t\t<\/div>\r\n\t\t\t<\/div>\r\n\t\t            <\/div>\r\n          <\/div>\r\n          \r\n          \r\n                    \r\n\t\t\t\t<\/div>\r\n\r\n\t\t\t<\/div>\r\n\t\t\t\t\t\t<\/div>\n\t\t\t\t<\/div>\n\t\t\t\t\t<\/div>\n\t\t<\/div>\n\t\t\t\t\t<\/div>\n\t\t<\/section>\n\t\t\t\t<section class=\"elementor-section elementor-top-section elementor-element elementor-element-c928d11 elementor-hidden-desktop elementor-section-boxed elementor-section-height-default elementor-section-height-default\" data-id=\"c928d11\" data-element_type=\"section\">\n\t\t\t\t\t\t<div class=\"elementor-container elementor-column-gap-default\">\n\t\t\t\t\t<div class=\"elementor-column elementor-col-100 elementor-top-column elementor-element elementor-element-fca437b\" data-id=\"fca437b\" data-element_type=\"column\">\n\t\t\t<div class=\"elementor-widget-wrap elementor-element-populated\">\n\t\t\t\t\t\t<div class=\"elementor-element elementor-element-06bfb06 elementor-widget elementor-widget-yprm_banner\" data-id=\"06bfb06\" data-element_type=\"widget\" data-widget_type=\"yprm_banner.default\">\n\t\t\t\t<div class=\"elementor-widget-container\">\n\t\t\t\t\t\t\t\t<div class=\"banner-wrapper banner-area banner-69d4536314ae3 external-indent\" style=\"--transition-speed: 2300ms;\" data-settings=\"{&quot;loop&quot;:true,&quot;speed&quot;:300,&quot;autoplay&quot;:{&quot;delay&quot;:1200,&quot;disableOnInteraction&quot;:false,&quot;pauseOnMouseEnter&quot;:false},&quot;arrows&quot;:false,&quot;dots&quot;:false,&quot;dots_position&quot;:null,&quot;animation&quot;:&quot;&quot;}\">\r\n\t\t\t\t\t\t<div class=\"banner-social-buttons\">\r\n\t\t\t<div class=\"links\">\r\n\t\t\t\t      <a class=\"item\" href=\"https:\/\/www.linkedin.com\/in\/fabian-bonilla-jaramillo-97335958\/?utm_source=share&#038;utm_campaign=share_via&#038;utm_content=profile&#038;utm_medium=ios_app\" target=\"_blank\">\r\n        <i class=\"fab fa-linkedin\"><\/i>        <span>linkedin<\/span>\r\n      <\/a>\r\n          <a class=\"item\" href=\"https:\/\/www.instagram.com\/efevisual?igsh=MTJwNnl0N3hiZ3JleQ%3D%3D&#038;utm_source=qr\" target=\"_blank\">\r\n        <i class=\"fab fa-instagram\"><\/i>        <span>instagram<\/span>\r\n      <\/a>\r\n          <a class=\"item\" href=\"https:\/\/www.youtube.com\/@efevisual\" target=\"_blank\">\r\n        <i class=\"fab fa-youtube\"><\/i>        <span>youtube<\/span>\r\n      <\/a>\r\n    \t\t\t<\/div>\r\n\t\t<\/div>\r\n\t\t\t\t\t\t\t\t\t\t\t\t\t<div class=\"banner-about content\">\r\n\t\t\t\t<div class=\"row\">\r\n\t\t\t\t\t\t\t\t\t\t\t\t<div class=\"image col-12 col-md-6\" style=\"background-image: url(https:\/\/bonillart.tech\/wp-content\/uploads\/2025\/10\/01254s1s.jpg);\"><\/div>\r\n        <div class=\"text col-12 col-md-6\">\r\n\t\t\t\t\t\t\t<div class=\"wrap\">\r\n\t\t\t\t\t<div class=\"cell\">\r\n\t\t\t\t\t\t\t\t\t\t\t\t\t<div class=\"image\" style=\"background-image: url(https:\/\/bonillart.tech\/wp-content\/uploads\/2025\/10\/01254s1s.jpg);\"><\/div>\r\n\t\t\t\t\t\t\t\t\t\t\t\t\t\t\t<div class=\"sub-h\">About me<\/div>\r\n\t\t\t\t\t\t\t\t\t\t\t\t\t\t\t\t\t<div class=\"text-p\">Transmedia filmmaker with experience in photography, video, motion graphics, AI animation and XR\/VR\/AR project development. I combine visual storytelling and emerging technology to create innovative experiences in cultural, artistic and commercial environments. I am currently pursuing a Master in AI in Communication and Media at the Complutense University of Madrid (UCM), integrating generative models and advanced workflows for audiovisual production.<\/div>\r\n\t\t\t\t\t\t\t\t      <a href=\"https:\/\/bonillart.tech\/en\/escribeme\/\" class=\"button-style2\"   rel=\"nofollow\">\r\n        Contact me      <\/a>\r\n    \t\t\t\t\t<\/div>\r\n\t\t\t\t<\/div>\r\n\t\t\t\t\t\t\t<div class=\"bg-word\">\r\n\t\t\t\t\t\t\t\t\tFabian Bonilla\t\t\t\t\t\t\t<\/div>\r\n\t\t\t\t\t<\/div>\r\n\t\t\t\t\t\t<\/div>\r\n\t\t\t<\/div>\r\n\t\t\t\t\t\t\t\t\t<div class=\"banner-right-buttons widget-elementor\">\r\n\t\t\t\t<div class=\"cell\">\r\n\t\t\t\t\t\r\n\t\t\t\t\t              <div class=\"button about\">\r\n                <span class=\"h\">Fabian Bonilla<\/span>\r\n                <span class=\"close\"><i class=\"basic-ui-icon-cancel\"><\/i>\r\n                                      Close                  \t\t\t\t\t\t\t\t<\/span>\r\n\t\t\t\t\t\t\t<\/div>\r\n\t\t\t\t\t\t          \t\t\t\t<\/div>\r\n\t\t\t<\/div>\r\n\t\t\r\n\t\t\t\t<div class=\"banner banner-items banner-69d4536314aeb fixed-height\" id=\"banner-69d4536314aec\">\r\n          <div class=\"swiper\">\r\n            <div class=\"swiper-wrapper\">\r\n                    <div class=\"item swiper-slide item-banner banner-item-69d453631521f elementor-repeater-item-d6e2363 tal inherit\">\r\n        <div class=\"bg-image\" style=\"background-image: url(https:\/\/bonillart.tech\/wp-content\/uploads\/2025\/12\/cover-reel.jpg)\"><\/div>\r\n                  \n    <div class=\"bg-overlay\">\n              <div class=\"video-wrap\"><div class=\"video\" webkit-playsinline=\"true\" playsinline=\"true\" data-quality=\"720p\" data-muted=\"false\" data-type=\"youtube\" data-id=\"62sJbTROVlE\"><\/div><\/div>                  <\/div>\n\n                            <div class=\"container\">\r\n          <div class=\"cell bottom  wpb_animate_when_almost_visible wpb_appear appear\">\r\n\t\t\t\t\t\t\t\t\t\t\t\t\t<div class=\"heading heading-with-num-type2\">\r\n\t\t\t\t\t\t\t\t<div class=\"top\">\r\n\t\t\t\t\t\t\t\t\t<div class=\"num\"><\/div>\r\n\t\t\t\t\t\t\t\t\t\t\t\t\t\t\t\t\t<\/div>\r\n\t\t\t\t\t\t\t\t<h2 class=\"h\">\r\n\t\t\t\t\t\t\t\t\t\t\t\t\t\t\t\t\t<\/h2>\r\n\t\t\t\t\t\t\t<\/div>\r\n\t\t\t\t\t\t\t\t\t\t\t\t\t\t\t\t\t    \t\t\t\t\t\t\t\t\t\t\t<\/div>\r\n\t\t\t\t<\/div>\r\n\t\t\t<\/div>\r\n\t\t            <\/div>\r\n          <\/div>\r\n          \r\n          \r\n                    \r\n\t\t\t\t<\/div>\r\n\r\n\t\t\t<\/div>\r\n\t\t\t\t\t\t<\/div>\n\t\t\t\t<\/div>\n\t\t\t\t\t<\/div>\n\t\t<\/div>\n\t\t\t\t\t<\/div>\n\t\t<\/section>\n\t\t\t\t<\/div>","protected":false},"excerpt":{"rendered":"<p>linkedin instagram youtube Sobre m\u00ed Realizador transmedia con experiencia en fotograf\u00eda, video, motion graphics, animaci\u00f3n con IA y desarrollo de proyectos XR\/VR\/AR. Combino narrativa visual y tecnolog\u00eda emergente para crear experiencias innovadoras en entornos culturales, art\u00edsticos y comerciales. Actualmente curso el M\u00e1ster en IA en Comunicaci\u00f3n y Medios de la Universidad Complutense de Madrid (UCM), [&hellip;]<\/p>","protected":false},"author":1,"featured_media":0,"parent":0,"menu_order":0,"comment_status":"closed","ping_status":"closed","template":"template-landing.php","meta":{"_acf_changed":false,"footnotes":""},"class_list":["post-1808","page","type-page","status-publish","hentry"],"acf":[],"_hostinger_reach_plugin_has_subscription_block":false,"_hostinger_reach_plugin_is_elementor":false,"_links":{"self":[{"href":"https:\/\/bonillart.tech\/en\/wp-json\/wp\/v2\/pages\/1808","targetHints":{"allow":["GET"]}}],"collection":[{"href":"https:\/\/bonillart.tech\/en\/wp-json\/wp\/v2\/pages"}],"about":[{"href":"https:\/\/bonillart.tech\/en\/wp-json\/wp\/v2\/types\/page"}],"author":[{"embeddable":true,"href":"https:\/\/bonillart.tech\/en\/wp-json\/wp\/v2\/users\/1"}],"replies":[{"embeddable":true,"href":"https:\/\/bonillart.tech\/en\/wp-json\/wp\/v2\/comments?post=1808"}],"version-history":[{"count":319,"href":"https:\/\/bonillart.tech\/en\/wp-json\/wp\/v2\/pages\/1808\/revisions"}],"predecessor-version":[{"id":6234,"href":"https:\/\/bonillart.tech\/en\/wp-json\/wp\/v2\/pages\/1808\/revisions\/6234"}],"wp:attachment":[{"href":"https:\/\/bonillart.tech\/en\/wp-json\/wp\/v2\/media?parent=1808"}],"curies":[{"name":"wp","href":"https:\/\/api.w.org\/{rel}","templated":true}]}}