{"id":3569,"date":"2025-10-09T23:28:53","date_gmt":"2025-10-09T23:28:53","guid":{"rendered":"https:\/\/bonillart.tech\/?page_id=3569"},"modified":"2025-12-08T14:08:54","modified_gmt":"2025-12-08T19:08:54","slug":"escribeme","status":"publish","type":"page","link":"https:\/\/bonillart.tech\/en\/escribeme\/","title":{"rendered":"Contact me"},"content":{"rendered":"<div data-elementor-type=\"wp-page\" data-elementor-id=\"3569\" class=\"elementor elementor-3569\" data-elementor-post-type=\"page\">\n\t\t\t\t<div class=\"elementor-element elementor-element-9e20be3 e-flex e-con-boxed e-con e-parent\" data-id=\"9e20be3\" data-element_type=\"container\">\n\t\t\t\t\t<div class=\"e-con-inner\">\n\t\t<div class=\"elementor-element elementor-element-95731fa e-con-full e-flex e-con e-child\" data-id=\"95731fa\" data-element_type=\"container\">\n\t\t\t\t<div class=\"elementor-element elementor-element-0f20a77 elementor-widget elementor-widget-image\" data-id=\"0f20a77\" data-element_type=\"widget\" data-widget_type=\"image.default\">\n\t\t\t\t\t\t\t\t\t\t\t\t\t\t\t<img fetchpriority=\"high\" decoding=\"async\" width=\"768\" height=\"768\" src=\"https:\/\/bonillart.tech\/wp-content\/uploads\/2025\/12\/FOTO-LINKEDIN-CV-768x768.png\" class=\"attachment-medium_large size-medium_large wp-image-5386\" alt=\"\" srcset=\"https:\/\/bonillart.tech\/wp-content\/uploads\/2025\/12\/FOTO-LINKEDIN-CV-768x768.png 768w, https:\/\/bonillart.tech\/wp-content\/uploads\/2025\/12\/FOTO-LINKEDIN-CV-300x300.png 300w, https:\/\/bonillart.tech\/wp-content\/uploads\/2025\/12\/FOTO-LINKEDIN-CV-150x150.png 150w, https:\/\/bonillart.tech\/wp-content\/uploads\/2025\/12\/FOTO-LINKEDIN-CV-70x70.png 70w, https:\/\/bonillart.tech\/wp-content\/uploads\/2025\/12\/FOTO-LINKEDIN-CV-600x600.png 600w, https:\/\/bonillart.tech\/wp-content\/uploads\/2025\/12\/FOTO-LINKEDIN-CV-100x100.png 100w, https:\/\/bonillart.tech\/wp-content\/uploads\/2025\/12\/FOTO-LINKEDIN-CV.png 1024w\" sizes=\"(max-width: 768px) 100vw, 768px\" \/>\t\t\t\t\t\t\t\t\t\t\t\t\t\t\t<\/div>\n\t\t\t\t<\/div>\n\t\t<div class=\"elementor-element elementor-element-2125b65 e-con-full e-flex e-con e-child\" data-id=\"2125b65\" data-element_type=\"container\">\n\t\t\t\t<div class=\"elementor-element elementor-element-a77f674 elementor-widget elementor-widget-heading\" data-id=\"a77f674\" data-element_type=\"widget\" data-widget_type=\"heading.default\">\n\t\t\t\t\t<h2 class=\"elementor-heading-title elementor-size-default\">Hablemos de tu proyecto<\/h2>\t\t\t\t<\/div>\n\t\t\t\t<div class=\"elementor-element elementor-element-ed23338 elementor-widget elementor-widget-text-editor\" data-id=\"ed23338\" data-element_type=\"widget\" data-widget_type=\"text-editor.default\">\n\t\t\t\t\t\t\t\t\t<p><span style=\"font-size: 20px;\">Si quieres desarrollar un proyecto de fotograf\u00eda, video, documental, XR, divulgaci\u00f3n cultural o de marcas, cu\u00e9ntame tu idea a trav\u00e9s de este formulario, indicando brevemente el tipo de proyecto, objetivos y tiempos aproximados para que pueda entender mejor lo que necesitas y responderte con una propuesta ajustada; tambi\u00e9n puedes usar este espacio para solicitar portafolios espec\u00edficos, propuestas para exposiciones, charlas, talleres o colaboraciones en investigaci\u00f3n-creaci\u00f3n, cada mensaje lo reviso de manera personal y recibe respuesta directa.<\/span><\/p>\t\t\t\t\t\t\t\t<\/div>\n\t\t\t\t<\/div>\n\t\t\t\t\t<\/div>\n\t\t\t\t<\/div>\n\t\t<div class=\"elementor-element elementor-element-cb22598 e-flex e-con-boxed e-con e-parent\" data-id=\"cb22598\" data-element_type=\"container\">\n\t\t\t\t\t<div class=\"e-con-inner\">\n\t\t\t\t<div class=\"elementor-element elementor-element-ff775d7 elementor-widget elementor-widget-shortcode\" data-id=\"ff775d7\" data-element_type=\"widget\" data-widget_type=\"shortcode.default\">\n\t\t\t\t\t\t\t<div class=\"elementor-shortcode\">\n<div class=\"wpcf7 no-js\" id=\"wpcf7-f1425-o1\" lang=\"en-US\" dir=\"ltr\" data-wpcf7-id=\"1425\">\n<div class=\"screen-reader-response\"><p role=\"status\" aria-live=\"polite\" aria-atomic=\"true\"><\/p> <ul><\/ul><\/div>\n<form action=\"\/en\/wp-json\/wp\/v2\/pages\/3569#wpcf7-f1425-o1\" method=\"post\" class=\"wpcf7-form init\" aria-label=\"Contact form\" novalidate=\"novalidate\" data-status=\"init\" data-trp-original-action=\"\/en\/wp-json\/wp\/v2\/pages\/3569#wpcf7-f1425-o1\">\n<fieldset class=\"hidden-fields-container\"><input type=\"hidden\" name=\"_wpcf7\" value=\"1425\" \/><input type=\"hidden\" name=\"_wpcf7_version\" value=\"6.1.4\" \/><input type=\"hidden\" name=\"_wpcf7_locale\" value=\"en_US\" \/><input type=\"hidden\" name=\"_wpcf7_unit_tag\" value=\"wpcf7-f1425-o1\" \/><input type=\"hidden\" name=\"_wpcf7_container_post\" value=\"0\" \/><input type=\"hidden\" name=\"_wpcf7_posted_data_hash\" value=\"\" \/>\n<\/fieldset>\n<div class=\"contact-form row\">\n  <div class=\"col-12 col-sm-6\"><span class=\"wpcf7-form-control-wrap\" data-name=\"f-name\"><input size=\"40\" maxlength=\"400\" class=\"wpcf7-form-control wpcf7-text wpcf7-validates-as-required style4\" aria-required=\"true\" aria-invalid=\"false\" placeholder=\"Ingrese su nombre...\" value=\"\" type=\"text\" name=\"f-name\" \/><\/span><\/div>\n  <div class=\"col-12 col-sm-6\"><span class=\"wpcf7-form-control-wrap\" data-name=\"f-mail\"><input size=\"40\" maxlength=\"400\" class=\"wpcf7-form-control wpcf7-text wpcf7-validates-as-required style4\" aria-required=\"true\" aria-invalid=\"false\" placeholder=\"Ingrese su email...\" value=\"\" type=\"text\" name=\"f-mail\" \/><\/span><\/div>\n  <div class=\"col-12\"><span class=\"wpcf7-form-control-wrap\" data-name=\"f-message\"><textarea cols=\"40\" rows=\"4\" maxlength=\"2000\" class=\"wpcf7-form-control wpcf7-textarea style4\" aria-invalid=\"false\" placeholder=\"Escriba su comentario...\" name=\"f-message\"><\/textarea><\/span><\/div>\n  <div class=\"col-12\"><button type=\"submit\" class=\"button-style2\">Enviar en este momento<\/button><\/div>\n<\/div><div class=\"wpcf7-response-output\" aria-hidden=\"true\"><\/div>\n<input type=\"hidden\" name=\"trp-form-language\" value=\"en\"\/><\/form>\n<\/div>\n<\/div>\n\t\t\t\t\t\t<\/div>\n\t\t\t\t\t<\/div>\n\t\t\t\t<\/div>\n\t\t<div class=\"elementor-element elementor-element-21b33c6 e-flex e-con-boxed e-con e-parent\" data-id=\"21b33c6\" data-element_type=\"container\">\n\t\t\t\t\t<div class=\"e-con-inner\">\n\t\t<div class=\"elementor-element elementor-element-8a645fc e-con-full e-flex e-con e-child\" data-id=\"8a645fc\" data-element_type=\"container\">\n\t\t\t\t<div class=\"elementor-element elementor-element-8834590 elementor-widget elementor-widget-text-editor\" data-id=\"8834590\" data-element_type=\"widget\" data-widget_type=\"text-editor.default\">\n\t\t\t\t\t\t\t\t\t<p><span style=\"font-size: 24px; color: #ffffff;\"><strong>No de contacto<\/strong><\/span><br \/><span style=\"font-size: 20px;\">+34 631108336<\/span><\/p><p>Madrid, Espa\u00f1a<\/p>\t\t\t\t\t\t\t\t<\/div>\n\t\t\t\t<\/div>\n\t\t<div class=\"elementor-element elementor-element-c6bc7ed e-con-full e-flex e-con e-child\" data-id=\"c6bc7ed\" data-element_type=\"container\">\n\t\t\t\t<div class=\"elementor-element elementor-element-f5e09ed elementor-widget elementor-widget-text-editor\" data-id=\"f5e09ed\" data-element_type=\"widget\" data-widget_type=\"text-editor.default\">\n\t\t\t\t\t\t\t\t\t<p><span style=\"font-size: 20px;\"><span style=\"color: #ffffff;\"><b>Email<br \/><\/b><\/span><\/span><span style=\"font-size: 20px;\">fabianbonilla@gmail.com<\/span><\/p>\t\t\t\t\t\t\t\t<\/div>\n\t\t\t\t<\/div>\n\t\t<div class=\"elementor-element elementor-element-f8d2c79 e-con-full e-flex e-con e-child\" data-id=\"f8d2c79\" data-element_type=\"container\">\n\t\t\t\t<div class=\"elementor-element elementor-element-8213105 elementor-shape-circle elementor-grid-0 e-grid-align-center elementor-widget elementor-widget-social-icons\" data-id=\"8213105\" data-element_type=\"widget\" data-widget_type=\"social-icons.default\">\n\t\t\t\t\t\t\t<div class=\"elementor-social-icons-wrapper elementor-grid\" role=\"list\">\n\t\t\t\t\t\t\t<span class=\"elementor-grid-item\" role=\"listitem\">\n\t\t\t\t\t<a class=\"elementor-icon elementor-social-icon elementor-social-icon-linkedin elementor-repeater-item-e33a057\" href=\"https:\/\/www.linkedin.com\/in\/fabian-bonilla-jaramillo-97335958\/?utm_source=share&#038;utm_campaign=share_via&#038;utm_content=profile&#038;utm_medium=ios_app\" target=\"_blank\">\n\t\t\t\t\t\t<span class=\"elementor-screen-only\">Linkedin<\/span>\n\t\t\t\t\t\t<i aria-hidden=\"true\" class=\"fab fa-linkedin\"><\/i>\t\t\t\t\t<\/a>\n\t\t\t\t<\/span>\n\t\t\t\t\t\t\t<span class=\"elementor-grid-item\" role=\"listitem\">\n\t\t\t\t\t<a class=\"elementor-icon elementor-social-icon elementor-social-icon-instagram elementor-repeater-item-ae395b9\" href=\"https:\/\/www.instagram.com\/efevisual?igsh=MTJwNnl0N3hiZ3JleQ%3D%3D&#038;utm_source=qr\" target=\"_blank\">\n\t\t\t\t\t\t<span class=\"elementor-screen-only\">Instagram<\/span>\n\t\t\t\t\t\t<i aria-hidden=\"true\" class=\"fab fa-instagram\"><\/i>\t\t\t\t\t<\/a>\n\t\t\t\t<\/span>\n\t\t\t\t\t\t\t<span class=\"elementor-grid-item\" role=\"listitem\">\n\t\t\t\t\t<a class=\"elementor-icon elementor-social-icon elementor-social-icon-youtube elementor-repeater-item-5e75782\" href=\"https:\/\/www.youtube.com\/@efevisual\" target=\"_blank\">\n\t\t\t\t\t\t<span class=\"elementor-screen-only\">Youtube<\/span>\n\t\t\t\t\t\t<i aria-hidden=\"true\" class=\"fab fa-youtube\"><\/i>\t\t\t\t\t<\/a>\n\t\t\t\t<\/span>\n\t\t\t\t\t<\/div>\n\t\t\t\t\t\t<\/div>\n\t\t\t\t<\/div>\n\t\t\t\t\t<\/div>\n\t\t\t\t<\/div>\n\t\t\t\t<\/div>","protected":false},"excerpt":{"rendered":"<p>Hablemos de tu proyecto Si quieres desarrollar un proyecto de fotograf\u00eda, video, documental, XR, divulgaci\u00f3n cultural o de marcas, cu\u00e9ntame tu idea a trav\u00e9s de este formulario, indicando brevemente el tipo de proyecto, objetivos y tiempos aproximados para que pueda entender mejor lo que necesitas y responderte con una propuesta ajustada; tambi\u00e9n puedes usar este [&hellip;]<\/p>","protected":false},"author":1,"featured_media":0,"parent":0,"menu_order":0,"comment_status":"closed","ping_status":"closed","template":"","meta":{"_acf_changed":false,"footnotes":""},"class_list":["post-3569","page","type-page","status-publish","hentry"],"acf":[],"_hostinger_reach_plugin_has_subscription_block":false,"_hostinger_reach_plugin_is_elementor":false,"_links":{"self":[{"href":"https:\/\/bonillart.tech\/en\/wp-json\/wp\/v2\/pages\/3569","targetHints":{"allow":["GET"]}}],"collection":[{"href":"https:\/\/bonillart.tech\/en\/wp-json\/wp\/v2\/pages"}],"about":[{"href":"https:\/\/bonillart.tech\/en\/wp-json\/wp\/v2\/types\/page"}],"author":[{"embeddable":true,"href":"https:\/\/bonillart.tech\/en\/wp-json\/wp\/v2\/users\/1"}],"replies":[{"embeddable":true,"href":"https:\/\/bonillart.tech\/en\/wp-json\/wp\/v2\/comments?post=3569"}],"version-history":[{"count":43,"href":"https:\/\/bonillart.tech\/en\/wp-json\/wp\/v2\/pages\/3569\/revisions"}],"predecessor-version":[{"id":5414,"href":"https:\/\/bonillart.tech\/en\/wp-json\/wp\/v2\/pages\/3569\/revisions\/5414"}],"wp:attachment":[{"href":"https:\/\/bonillart.tech\/en\/wp-json\/wp\/v2\/media?parent=3569"}],"curies":[{"name":"wp","href":"https:\/\/api.w.org\/{rel}","templated":true}]}}