{"id":3657,"date":"2025-10-21T00:05:18","date_gmt":"2025-10-21T00:05:18","guid":{"rendered":"https:\/\/bonillart.tech\/?page_id=3657"},"modified":"2025-12-29T02:16:01","modified_gmt":"2025-12-29T07:16:01","slug":"seccion-xr","status":"publish","type":"page","link":"https:\/\/bonillart.tech\/en\/seccion-xr\/","title":{"rendered":"Secci\u00f3n Xr"},"content":{"rendered":"<div data-elementor-type=\"wp-page\" data-elementor-id=\"3657\" class=\"elementor elementor-3657\" data-elementor-post-type=\"page\">\n\t\t\t\t<div class=\"elementor-element elementor-element-5a24334 e-flex e-con-boxed e-con e-parent\" data-id=\"5a24334\" data-element_type=\"container\">\n\t\t\t\t\t<div class=\"e-con-inner\">\n\t\t<div class=\"elementor-element elementor-element-ab34bc0 e-con-full e-flex e-con e-child\" data-id=\"ab34bc0\" data-element_type=\"container\">\n\t\t\t\t<div class=\"elementor-element elementor-element-9228ab5 elementor-widget elementor-widget-video\" data-id=\"9228ab5\" data-element_type=\"widget\" data-settings=\"{&quot;youtube_url&quot;:&quot;https:\\\/\\\/youtu.be\\\/WhZe2p69XpY&quot;,&quot;video_type&quot;:&quot;youtube&quot;,&quot;controls&quot;:&quot;yes&quot;}\" data-widget_type=\"video.default\">\n\t\t\t\t\t\t\t<div class=\"elementor-wrapper elementor-open-inline\">\n\t\t\t<div class=\"elementor-video\"><\/div>\t\t<\/div>\n\t\t\t\t\t\t<\/div>\n\t\t\t\t<\/div>\n\t\t<div class=\"elementor-element elementor-element-a0ca44a e-con-full e-flex e-con e-child\" data-id=\"a0ca44a\" data-element_type=\"container\">\n\t\t\t\t<div class=\"elementor-element elementor-element-df86e3f elementor-widget__width-initial elementor-widget elementor-widget-heading\" data-id=\"df86e3f\" data-element_type=\"widget\" data-widget_type=\"heading.default\">\n\t\t\t\t\t<h4 class=\"elementor-heading-title elementor-size-default\">THALAMUS<\/h4>\t\t\t\t<\/div>\n\t\t\t\t<div class=\"elementor-element elementor-element-9c9da3e elementor-widget elementor-widget-text-editor\" data-id=\"9c9da3e\" data-element_type=\"widget\" data-widget_type=\"text-editor.default\">\n\t\t\t\t\t\t\t\t\t<div class=\"inbluns-readmore-block\"><h3 class=\"rm-title\" style=\"text-align: left;\"><span style=\"font-size: 23px;\">Arte, conciencia y tecnolog\u00eda<\/span><\/h3><p class=\"rm-lead\"><strong>THALAMUS<\/strong> es una historia transmedia de ciencia ficci\u00f3n ambientada en el Amazonas.<br \/>Un universo donde el arte, la tecnolog\u00eda, la ciencia y el misticismo se entrelazan para explorar<br \/>nuevas maneras de imaginar y narrar lo invisible.<\/p><details class=\"rm-details\"><summary class=\"rm-summary\"><span class=\"rm-more\">Leer m\u00e1s<\/span><br \/><span class=\"rm-less\" style=\"display: none;\">Leer menos<\/span><\/summary><div class=\"rm-body\"><p>El proyecto naci\u00f3 como una experiencia de realidad virtual, una traves\u00eda sensorial que invitaba<br \/>al espectador a volar, explorar, enfrentarse a s\u00edmbolos y descifrar un mundo en equilibrio inestable.<br \/>Esa primera chispa se expandi\u00f3 hasta convertirse en un ecosistema creativo: animaci\u00f3n, c\u00f3mic, contenidos<br \/>digitales, workshops y piezas audiovisuales que dialogan entre s\u00ed como partes de una misma pulsaci\u00f3n.<\/p><p><strong>THALAMUS<\/strong> ha sido ganador de becas y apoyos institucionales, como Crea Digital 2022 para proyectos<br \/>en desarrollo y Crea Digital 2023 para producci\u00f3n de el Ministerio de Tecnolog\u00edas y Cultura de Colombia, ha participado<br \/>en festivales como Le Cube Garges en Par\u00eds y Digital Jove en Valencia, consolid\u00e1ndose como un proyecto que combina<br \/>innovaci\u00f3n art\u00edstica y exploraci\u00f3n narrativa. Su presencia en estos espacios ha permitido que el universo crezca,<br \/>se refine y se abra a nuevas formas de interacci\u00f3n con el p\u00fablico.<\/p><p>En su esencia, <strong>THALAMUS<\/strong> investiga el cruce entre lo org\u00e1nico y lo digital: el Amazonas imaginado como<br \/>un territorio vivo donde conviven saberes ancestrales, estructuras tecnol\u00f3gicas, fuerzas invisibles y preguntas sobre la percepci\u00f3n.<br \/>La ciencia y el misticismo dialogan no como opuestos, sino como lenguajes complementarios para comprender la realidad.<\/p><p>El proyecto tambi\u00e9n se extiende al \u00e1mbito educativo con talleres de animaci\u00f3n con IA para ni\u00f1os, donde se desarrollan<br \/>habilidades de dibujo, creaci\u00f3n de personajes, narraci\u00f3n visual y exploraci\u00f3n tecnol\u00f3gica. Estos talleres buscan despertar<br \/>la imaginaci\u00f3n desde la pr\u00e1ctica art\u00edstica, utilizando la inteligencia artificial como herramienta creativa, no como sustituto<br \/>del trazo humano.<\/p><p>Hoy, <strong>THALAMUS<\/strong> contin\u00faa expandi\u00e9ndose a nuevos medios y formatos, manteniendo su vocaci\u00f3n de ser un laboratorio vivo:<br \/>un lugar donde se experimenta, se investiga y se cruzan disciplinas para generar experiencias que conectan lo sensorial con lo intelectual,<br \/>lo simb\u00f3lico con lo digital.<\/p><\/div><\/details><\/div>\t\t\t\t\t\t\t\t<\/div>\n\t\t\t\t<div class=\"elementor-element elementor-element-aae6e22 elementor-align-justify elementor-widget__width-inherit elementor-widget elementor-widget-button\" data-id=\"aae6e22\" data-element_type=\"widget\" data-widget_type=\"button.default\">\n\t\t\t\t\t\t\t\t\t\t<a class=\"elementor-button elementor-button-link elementor-size-sm\" href=\"https:\/\/thalamus.world\/\" target=\"_blank\">\n\t\t\t\t\t\t<span class=\"elementor-button-content-wrapper\">\n\t\t\t\t\t\t\t\t\t<span class=\"elementor-button-text\">Visita Thalamus<\/span>\n\t\t\t\t\t<\/span>\n\t\t\t\t\t<\/a>\n\t\t\t\t\t\t\t\t<\/div>\n\t\t\t\t<\/div>\n\t\t\t\t\t<\/div>\n\t\t\t\t<\/div>\n\t\t<div class=\"elementor-element elementor-element-2653f9c e-flex e-con-boxed e-con e-parent\" data-id=\"2653f9c\" data-element_type=\"container\">\n\t\t\t\t\t<div class=\"e-con-inner\">\n\t\t\t\t<div class=\"elementor-element elementor-element-f33957c elementor-widget elementor-widget-spacer\" data-id=\"f33957c\" data-element_type=\"widget\" data-widget_type=\"spacer.default\">\n\t\t\t\t\t\t\t<div class=\"elementor-spacer\">\n\t\t\t<div class=\"elementor-spacer-inner\"><\/div>\n\t\t<\/div>\n\t\t\t\t\t\t<\/div>\n\t\t\t\t\t<\/div>\n\t\t\t\t<\/div>\n\t\t<div class=\"elementor-element elementor-element-95170d8 e-flex e-con-boxed e-con e-parent\" data-id=\"95170d8\" data-element_type=\"container\">\n\t\t\t\t\t<div class=\"e-con-inner\">\n\t\t<div class=\"elementor-element elementor-element-0dfec8a e-con-full e-flex e-con e-child\" data-id=\"0dfec8a\" data-element_type=\"container\">\n\t\t\t\t<div class=\"elementor-element elementor-element-e39a1ef elementor-widget elementor-widget-video\" data-id=\"e39a1ef\" data-element_type=\"widget\" data-settings=\"{&quot;youtube_url&quot;:&quot;https:\\\/\\\/www.youtube.com\\\/watch?v=NBXl38t6pMo&amp;t=23s&quot;,&quot;video_type&quot;:&quot;youtube&quot;,&quot;controls&quot;:&quot;yes&quot;}\" data-widget_type=\"video.default\">\n\t\t\t\t\t\t\t<div class=\"elementor-wrapper elementor-open-inline\">\n\t\t\t<div class=\"elementor-video\"><\/div>\t\t<\/div>\n\t\t\t\t\t\t<\/div>\n\t\t\t\t<\/div>\n\t\t<div class=\"elementor-element elementor-element-94f866f e-con-full e-flex e-con e-child\" data-id=\"94f866f\" data-element_type=\"container\">\n\t\t\t\t<div class=\"elementor-element elementor-element-2bf47ab elementor-widget elementor-widget-heading\" data-id=\"2bf47ab\" data-element_type=\"widget\" data-widget_type=\"heading.default\">\n\t\t\t\t\t<h4 class=\"elementor-heading-title elementor-size-default\">DARIEN 1510  \n<\/h4>\t\t\t\t<\/div>\n\t\t\t\t<div class=\"elementor-element elementor-element-7fb7fba elementor-widget elementor-widget-heading\" data-id=\"7fb7fba\" data-element_type=\"widget\" data-widget_type=\"heading.default\">\n\t\t\t\t\t<h6 class=\"elementor-heading-title elementor-size-default\">Proyecto en desarrollo\n<\/h6>\t\t\t\t<\/div>\n\t\t\t\t<div class=\"elementor-element elementor-element-aaf8c22 elementor-widget elementor-widget-text-editor\" data-id=\"aaf8c22\" data-element_type=\"widget\" data-widget_type=\"text-editor.default\">\n\t\t\t\t\t\t\t\t\t<div class=\"inbluns-readmore-block\"><p><!-- Intro visible --><\/p><p class=\"rm-lead\">En lo profundo del Choc\u00f3 colombiano, entre r\u00edos que guardan secretos y selvas que respiran historias,<br \/><strong>DARI\u00c9N 1510<\/strong> sigue el encuentro entre dos hombres nacidos el mismo d\u00eda, pero en mundos opuestos:<br \/>Lito, un guaquero supersticioso guiado por su intuici\u00f3n y la tierra, y Alberto, un arque\u00f3logo italiano que busca,<br \/>con ciencia y m\u00e9todo, las ruinas de Santa Mar\u00eda la Antigua del Dari\u00e9n, la primera ciudad espa\u00f1ola en Am\u00e9rica.<\/p><details class=\"rm-details\"><summary class=\"rm-summary\"><span class=\"rm-more\">Leer m\u00e1s<\/span><br \/><span class=\"rm-less\" style=\"display: none;\">Leer menos<\/span><\/summary><div class=\"rm-body\"><p>Lo que comienza como una excavaci\u00f3n arqueol\u00f3gica se transforma en una exploraci\u00f3n m\u00e1s profunda:<br \/>una excavaci\u00f3n interior. A trav\u00e9s de los contrastes entre la raz\u00f3n y la intuici\u00f3n,<br \/>lo acad\u00e9mico y lo ancestral, el documental revela un territorio marcado por el saqueo,<br \/>la violencia y el olvido, pero tambi\u00e9n por la resistencia y la memoria viva de sus<br \/>comunidades afro, ind\u00edgenas y colonas.<\/p><p><strong>DARI\u00c9N 1510<\/strong> es una obra que mezcla historia, cine y territorio para preguntarse<br \/>qu\u00e9 es realmente lo que vale m\u00e1s: \u00bfel oro enterrado bajo la tierra o la memoria que a\u00fan la habita?<\/p><p>Una mirada \u00edntima, po\u00e9tica y humana a la frontera entre la arqueolog\u00eda y la guaquer\u00eda, entre la ciencia y el mito,<br \/>entre el pasado que se busca y el futuro que se intenta reconstruir.<\/p><p><em>Proyecto en desarrollo.<\/em><\/p><\/div><\/details><\/div>\t\t\t\t\t\t\t\t<\/div>\n\t\t\t\t<div class=\"elementor-element elementor-element-1ebc973 elementor-align-justify elementor-widget__width-inherit elementor-widget elementor-widget-button\" data-id=\"1ebc973\" data-element_type=\"widget\" data-widget_type=\"button.default\">\n\t\t\t\t\t\t\t\t\t\t<a class=\"elementor-button elementor-button-link elementor-size-sm\" href=\"https:\/\/www.darien1510.org\/\" target=\"_blank\">\n\t\t\t\t\t\t<span class=\"elementor-button-content-wrapper\">\n\t\t\t\t\t\t\t\t\t<span class=\"elementor-button-text\">Visita Darien 1510<\/span>\n\t\t\t\t\t<\/span>\n\t\t\t\t\t<\/a>\n\t\t\t\t\t\t\t\t<\/div>\n\t\t\t\t<\/div>\n\t\t\t\t\t<\/div>\n\t\t\t\t<\/div>\n\t\t<div class=\"elementor-element elementor-element-cf05da9 e-flex e-con-boxed e-con e-parent\" data-id=\"cf05da9\" data-element_type=\"container\">\n\t\t\t\t\t<div class=\"e-con-inner\">\n\t\t\t\t<div class=\"elementor-element elementor-element-6a94a2b elementor-widget elementor-widget-spacer\" data-id=\"6a94a2b\" data-element_type=\"widget\" data-widget_type=\"spacer.default\">\n\t\t\t\t\t\t\t<div class=\"elementor-spacer\">\n\t\t\t<div class=\"elementor-spacer-inner\"><\/div>\n\t\t<\/div>\n\t\t\t\t\t\t<\/div>\n\t\t\t\t\t<\/div>\n\t\t\t\t<\/div>\n\t\t<div class=\"elementor-element elementor-element-52ea48b e-flex e-con-boxed e-con e-parent\" data-id=\"52ea48b\" data-element_type=\"container\">\n\t\t\t\t\t<div class=\"e-con-inner\">\n\t\t<div class=\"elementor-element elementor-element-a0f4d01 e-con-full e-flex e-con e-child\" data-id=\"a0f4d01\" data-element_type=\"container\">\n\t\t\t\t<div class=\"elementor-element elementor-element-965e0a3 elementor-widget elementor-widget-video\" data-id=\"965e0a3\" data-element_type=\"widget\" data-settings=\"{&quot;video_type&quot;:&quot;vimeo&quot;}\" data-widget_type=\"video.default\">\n\t\t\t\t\t\t\t<div class=\"elementor-wrapper elementor-open-inline\">\n\t\t\t<iframe class=\"elementor-video-iframe\" allowfullscreen allow=\"clipboard-write\" title=\"Reproductor de v\u00eddeo vimeo\" src=\"https:\/\/player.vimeo.com\/video\/163124361?color&amp;autopause=0&amp;loop=0&amp;muted=0&amp;title=1&amp;portrait=1&amp;byline=1#t=\"><\/iframe>\t\t<\/div>\n\t\t\t\t\t\t<\/div>\n\t\t\t\t<\/div>\n\t\t<div class=\"elementor-element elementor-element-1d8b375 e-con-full e-flex e-con e-child\" data-id=\"1d8b375\" data-element_type=\"container\">\n\t\t\t\t<div class=\"elementor-element elementor-element-b095dd7 elementor-widget elementor-widget-heading\" data-id=\"b095dd7\" data-element_type=\"widget\" data-widget_type=\"heading.default\">\n\t\t\t\t\t<h4 class=\"elementor-heading-title elementor-size-default\">PROYECTO PANDORA<\/h4>\t\t\t\t<\/div>\n\t\t\t\t<div class=\"elementor-element elementor-element-a679f41 elementor-widget elementor-widget-text-editor\" data-id=\"a679f41\" data-element_type=\"widget\" data-widget_type=\"text-editor.default\">\n\t\t\t\t\t\t\t\t\t<div class=\"inbluns-readmore-block\"><p class=\"rm-lead\">Un cortometraje interactivo que convirti\u00f3 Facebook en escenario de misterio. Durante un mes, <strong>Proyecto Red Pandora<\/strong> transform\u00f3 las redes sociales en un entorno vivo de ficci\u00f3n interactiva. La trama se centr\u00f3 en la desaparici\u00f3n de una joven en un pueblo enigm\u00e1tico, y convirti\u00f3 a los espectadores en verdaderos protagonistas de la historia.<\/p><details class=\"rm-details\"><summary class=\"rm-summary\"><span class=\"rm-more\">Leer m\u00e1s<\/span><br \/><span class=\"rm-less\" style=\"display: none;\">Leer menos<\/span><\/summary><div class=\"rm-body\"><p>Esta experiencia se dise\u00f1\u00f3 para que no fuera simplemente un cortometraje tradicional: el p\u00fablico no se limit\u00f3 a ver,<br \/>sino que colabor\u00f3 activamente.<\/p><p>Analiz\u00f3 evidencias, debati\u00f3 en comunidad, tuvo intercambio directo con los personajes y, en suma, contribuy\u00f3 a dar forma<br \/>al desenlace. Una experiencia transmedia en la que el espacio digital (Facebook) y lo telef\u00f3nico se combinaron para dar vida<br \/>a una ficci\u00f3n que respira en tiempo real.<\/p><p>En un ambiente poblado de im\u00e1genes inquietantes, mensajes enigm\u00e1ticos y un pueblo cargado de secretos,<br \/><strong>Proyecto Red Pandora<\/strong> cre\u00f3 un puente entre la audiencia y la narraci\u00f3n \u2014 un puente que invita a mirar, pensar,<br \/>actuar y recordar que en el mundo digital la ficci\u00f3n puede extenderse m\u00e1s all\u00e1 de la pantalla.<\/p><p><strong>Duraci\u00f3n de la experiencia:<\/strong> 1 mes.<br \/><strong>Plataforma principal:<\/strong> Facebook (publicaciones, v\u00eddeos, interacci\u00f3n).<br \/><strong>Elemento diferencial:<\/strong> L\u00ednea telef\u00f3nica abierta para descubrir m\u00e1s misterios y comunicarse con personajes de la historia.<\/p><p>Esta iniciativa muestra c\u00f3mo la narrativa puede expandirse a trav\u00e9s de canales m\u00faltiples, pasar de ser un simple visionado<br \/>a una vivencia compartida, donde cada usuario puede convertirse en investigador, testigo, interlocutor y creador de su propia<br \/>versi\u00f3n del misterio.<\/p><p><strong>\u00bfTe atreves a entrar en el pueblo y buscar a la desaparecida?<\/strong><\/p><\/div><\/details><\/div>\t\t\t\t\t\t\t\t<\/div>\n\t\t\t\t<div class=\"elementor-element elementor-element-84b7a59 elementor-align-justify elementor-widget__width-inherit elementor-widget elementor-widget-button\" data-id=\"84b7a59\" data-element_type=\"widget\" data-widget_type=\"button.default\">\n\t\t\t\t\t\t\t\t\t\t<a class=\"elementor-button elementor-button-link elementor-size-sm\" href=\"https:\/\/www.facebook.com\/ProyectoRedPandora\" target=\"_blank\">\n\t\t\t\t\t\t<span class=\"elementor-button-content-wrapper\">\n\t\t\t\t\t\t\t\t\t<span class=\"elementor-button-text\">Visita Red Pandora<\/span>\n\t\t\t\t\t<\/span>\n\t\t\t\t\t<\/a>\n\t\t\t\t\t\t\t\t<\/div>\n\t\t\t\t<\/div>\n\t\t\t\t\t<\/div>\n\t\t\t\t<\/div>\n\t\t<div class=\"elementor-element elementor-element-e2a30ca e-flex e-con-boxed e-con e-parent\" data-id=\"e2a30ca\" data-element_type=\"container\">\n\t\t\t\t\t<div class=\"e-con-inner\">\n\t\t\t\t<div class=\"elementor-element elementor-element-0e2d7f7 elementor-widget elementor-widget-spacer\" data-id=\"0e2d7f7\" data-element_type=\"widget\" data-widget_type=\"spacer.default\">\n\t\t\t\t\t\t\t<div class=\"elementor-spacer\">\n\t\t\t<div class=\"elementor-spacer-inner\"><\/div>\n\t\t<\/div>\n\t\t\t\t\t\t<\/div>\n\t\t\t\t\t<\/div>\n\t\t\t\t<\/div>\n\t\t\t\t<\/div>","protected":false},"excerpt":{"rendered":"<p>https:\/\/youtu.be\/WhZe2p69XpY THALAMUS Arte, conciencia y tecnolog\u00eda THALAMUS es una historia transmedia de ciencia ficci\u00f3n ambientada en el Amazonas.Un universo donde el arte, la tecnolog\u00eda, la ciencia y el misticismo se entrelazan para explorarnuevas maneras de imaginar y narrar lo invisible. Leer m\u00e1sLeer menos El proyecto naci\u00f3 como una experiencia de realidad virtual, una traves\u00eda sensorial [&hellip;]<\/p>","protected":false},"author":2,"featured_media":0,"parent":0,"menu_order":0,"comment_status":"closed","ping_status":"closed","template":"","meta":{"_acf_changed":false,"footnotes":""},"class_list":["post-3657","page","type-page","status-publish","hentry"],"acf":[],"_hostinger_reach_plugin_has_subscription_block":false,"_hostinger_reach_plugin_is_elementor":false,"_links":{"self":[{"href":"https:\/\/bonillart.tech\/en\/wp-json\/wp\/v2\/pages\/3657","targetHints":{"allow":["GET"]}}],"collection":[{"href":"https:\/\/bonillart.tech\/en\/wp-json\/wp\/v2\/pages"}],"about":[{"href":"https:\/\/bonillart.tech\/en\/wp-json\/wp\/v2\/types\/page"}],"author":[{"embeddable":true,"href":"https:\/\/bonillart.tech\/en\/wp-json\/wp\/v2\/users\/2"}],"replies":[{"embeddable":true,"href":"https:\/\/bonillart.tech\/en\/wp-json\/wp\/v2\/comments?post=3657"}],"version-history":[{"count":140,"href":"https:\/\/bonillart.tech\/en\/wp-json\/wp\/v2\/pages\/3657\/revisions"}],"predecessor-version":[{"id":5990,"href":"https:\/\/bonillart.tech\/en\/wp-json\/wp\/v2\/pages\/3657\/revisions\/5990"}],"wp:attachment":[{"href":"https:\/\/bonillart.tech\/en\/wp-json\/wp\/v2\/media?parent=3657"}],"curies":[{"name":"wp","href":"https:\/\/api.w.org\/{rel}","templated":true}]}}