{"id":4087,"date":"2025-10-26T04:05:14","date_gmt":"2025-10-26T04:05:14","guid":{"rendered":"https:\/\/bonillart.tech\/?page_id=4087"},"modified":"2025-10-28T19:01:43","modified_gmt":"2025-10-29T00:01:43","slug":"videos-fotos","status":"publish","type":"page","link":"https:\/\/bonillart.tech\/en\/videos-fotos\/","title":{"rendered":"Videos Fotos"},"content":{"rendered":"<div data-elementor-type=\"wp-page\" data-elementor-id=\"4087\" class=\"elementor elementor-4087\" data-elementor-post-type=\"page\">\n\t\t\t\t<div class=\"elementor-element elementor-element-b4234d1 e-con-full e-flex e-con e-parent\" data-id=\"b4234d1\" data-element_type=\"container\">\n\t\t\t\t<div class=\"elementor-element elementor-element-9091094 elementor-widget__width-inherit elementor-widget elementor-widget-yprm_portfolio\" data-id=\"9091094\" data-element_type=\"widget\" data-settings=\"{&quot;cols_md&quot;:3,&quot;cols_xs&quot;:&quot;1&quot;,&quot;cols_sm&quot;:&quot;2&quot;}\" data-widget_type=\"yprm_portfolio.default\">\n\t\t\t\t<div class=\"elementor-widget-container\">\n\t\t\t\t\t\n\t\t<div class=\"portfolio-block elementor-block\" id=\"portfolio-69d4a1ad90a76\" data-portfolio-settings=\"{&quot;type&quot;:&quot;grid&quot;}\" data-popup-settings=\"{&quot;popupTitle&quot;:false,&quot;popupDesc&quot;:false}\">\n\t\t\t\t\t\t\t\t\t<div class=\"filter-buttons filter-button-group tac\">\n\t\t\t<div class=\"wrap\">\n\t\t\t\t<button class=\"button active\" data-filter=\"*\">\n\t\t\t\t\t<span>All<\/span>\n\t\t\t\t<\/button>\n\t\t\t\t\t\t\t\t\t<button class=\"button\" data-filter=\".category-16\">\n\t\t\t\t\t\t<span>abstract<\/span>\n\t\t\t\t\t<\/button>\n\t\t\t\t\t\t\t\t\t<button class=\"button\" data-filter=\".category-48\">\n\t\t\t\t\t\t<span>Fauna<\/span>\n\t\t\t\t\t<\/button>\n\t\t\t\t\t\t\t\t\t<button class=\"button\" data-filter=\".category-22\">\n\t\t\t\t\t\t<span>portraits<\/span>\n\t\t\t\t\t<\/button>\n\t\t\t\t\t\t\t\t\t<button class=\"button\" data-filter=\".category-29\">\n\t\t\t\t\t\t<span>Phototales<\/span>\n\t\t\t\t\t<\/button>\n\t\t\t\t\t\t\t\t\t<button class=\"button\" data-filter=\".category-47\">\n\t\t\t\t\t\t<span>Axes and reflections<\/span>\n\t\t\t\t\t<\/button>\n\t\t\t\t\t\t\t\t\t<button class=\"button\" data-filter=\".category-31\">\n\t\t\t\t\t\t<span>Landscapes<\/span>\n\t\t\t\t\t<\/button>\n\t\t\t\t\t\t\t\t\t<button class=\"button\" data-filter=\".category-32\">\n\t\t\t\t\t\t<span>Portraits<\/span>\n\t\t\t\t\t<\/button>\n\t\t\t\t\t\t\t\t\t<button class=\"button\" data-filter=\".category-39\">\n\t\t\t\t\t\t<span>360<\/span>\n\t\t\t\t\t<\/button>\n\t\t\t\t\t\t\t\t\t<button class=\"button\" data-filter=\".category-40\">\n\t\t\t\t\t\t<span>Drone<\/span>\n\t\t\t\t\t<\/button>\n\t\t\t\t\t\t\t\t\t<button class=\"button\" data-filter=\".category-34\">\n\t\t\t\t\t\t<span>Documentary<\/span>\n\t\t\t\t\t<\/button>\n\t\t\t\t\t\t\t<\/div>\n\t\t<\/div>\n\t\t\t\t\t\t<div class=\"portfolio-items elementor-block portfolio-type-grid load-wrap portfolio_hover_type_1 hover-disable row\" id=\"portfolio-69d4a1ad90a94\">\n\t\t\t\t\t\t\t<article class=\"col-12 col-sm-6 col-md-4 portfolio-item portfolio-grid-item category-16\">\n\t\t\t<div class=\"wrap\">\n        \t\t\t\t\t<div class=\"a-img\" data-original=\"https:\/\/bonillart.tech\/wp-content\/uploads\/2025\/10\/Psicodelia.jpg\">\n\t\t\t\t\t\t<div style=\"background-image: url(https:\/\/bonillart.tech\/wp-content\/uploads\/2025\/10\/Psicodelia.jpg);\"><\/div>\n            \t\t\t\t\t<\/div>\n\t\t\t\t\t\t\t\t<div class=\"content\">\n\t\t\t\t\t\t\t\t<h5>Abstract<\/h5>\n\t\t\t\t\t\t\t<p>Suggested subject matter.<\/p>\n\t\t\t\t<\/div>\n\t\t\t\t          <a class=\"link\" href=\"https:\/\/bonillart.tech\/en\/pt-portfolio\/burbuja\/\" target=\"_self\" ><\/a>        \t\t\t<\/div>\n\t\t<\/article>\n\t\t\t\t<article class=\"col-12 col-sm-6 col-md-4 portfolio-item portfolio-grid-item category-48\">\n\t\t\t<div class=\"wrap\">\n        \t\t\t\t\t<div class=\"a-img\" data-original=\"https:\/\/bonillart.tech\/wp-content\/uploads\/2025\/10\/animales-bonilart-4.jpg\">\n\t\t\t\t\t\t<div style=\"background-image: url(https:\/\/bonillart.tech\/wp-content\/uploads\/2025\/10\/animales-bonilart-4.jpg);\"><\/div>\n            \t\t\t\t\t<\/div>\n\t\t\t\t\t\t\t\t<div class=\"content\">\n\t\t\t\t\t\t\t\t<h5>Fauna<\/h5>\n\t\t\t\t\t\t\t<p>We are not alone on this planet.<\/p>\n\t\t\t\t<\/div>\n\t\t\t\t          <a class=\"link\" href=\"https:\/\/bonillart.tech\/en\/pt-portfolio\/animals\/\" target=\"_self\" ><\/a>        \t\t\t<\/div>\n\t\t<\/article>\n\t\t\t\t<article class=\"col-12 col-sm-6 col-md-4 portfolio-item portfolio-grid-item category-22\">\n\t\t\t<div class=\"wrap\">\n        \t\t\t\t\t<div class=\"a-img\" data-original=\"https:\/\/bonillart.tech\/wp-content\/uploads\/2025\/10\/fabian01.png\">\n\t\t\t\t\t\t<div style=\"background-image: url(https:\/\/bonillart.tech\/wp-content\/uploads\/2025\/10\/fabian01.png);\"><\/div>\n            \t\t\t\t\t<\/div>\n\t\t\t\t\t\t\t\t<div class=\"content\">\n\t\t\t\t\t\t\t\t<h5>Portraits<\/h5>\n\t\t\t\t\t\t\t<p>Lorem ipsum dolor sit amet consectetur adipiscing elit id, nam vehicula <\/p>\n\t\t\t\t<\/div>\n\t\t\t\t          <a class=\"link\" href=\"https:\/\/bonillart.tech\/en\/pt-portfolio\/portraits\/\" target=\"_self\" ><\/a>        \t\t\t<\/div>\n\t\t<\/article>\n\t\t\t\t<article class=\"col-12 col-sm-6 col-md-4 portfolio-item portfolio-grid-item category-29\">\n\t\t\t<div class=\"wrap\">\n        \t\t\t\t\t<div class=\"a-img\" data-original=\"https:\/\/bonillart.tech\/wp-content\/uploads\/2025\/10\/coyote2.jpg\">\n\t\t\t\t\t\t<div style=\"background-image: url(https:\/\/bonillart.tech\/wp-content\/uploads\/2025\/10\/coyote2.jpg);\"><\/div>\n            \t\t\t\t\t<\/div>\n\t\t\t\t\t\t\t\t<div class=\"content\">\n\t\t\t\t\t\t\t\t<h5>Wirikuta<\/h5>\n\t\t\t\t\t\t\t<p>The land of dreams<\/p>\n\t\t\t\t<\/div>\n\t\t\t\t          <a class=\"link\" href=\"https:\/\/bonillart.tech\/en\/pt-portfolio\/wirikuta\/\" target=\"_self\" ><\/a>        \t\t\t<\/div>\n\t\t<\/article>\n\t\t\t\t<article class=\"col-12 col-sm-6 col-md-4 portfolio-item portfolio-grid-item category-47\">\n\t\t\t<div class=\"wrap\">\n        \t\t\t\t\t<div class=\"a-img\" data-original=\"https:\/\/bonillart.tech\/wp-content\/uploads\/2025\/10\/23909217462_e3d9a1b526_o.jpg\">\n\t\t\t\t\t\t<div style=\"background-image: url(https:\/\/bonillart.tech\/wp-content\/uploads\/2025\/10\/23909217462_e3d9a1b526_o.jpg);\"><\/div>\n            \t\t\t\t\t<\/div>\n\t\t\t\t\t\t\t\t<div class=\"content\">\n\t\t\t\t\t\t\t\t<h5>Axes and reflections<\/h5>\n\t\t\t\t\t\t\t<p>Symmetries between the built and the living<\/p>\n\t\t\t\t<\/div>\n\t\t\t\t          <a class=\"link\" href=\"https:\/\/bonillart.tech\/en\/pt-portfolio\/reflections\/\" target=\"_self\" ><\/a>        \t\t\t<\/div>\n\t\t<\/article>\n\t\t\t\t<article class=\"col-12 col-sm-6 col-md-4 portfolio-item portfolio-grid-item category-31\">\n\t\t\t<div class=\"wrap\">\n        \t\t\t\t\t<div class=\"a-img\" data-original=\"https:\/\/bonillart.tech\/wp-content\/uploads\/2025\/10\/peter-breugel-e1766068387653.jpg\">\n\t\t\t\t\t\t<div style=\"background-image: url(https:\/\/bonillart.tech\/wp-content\/uploads\/2025\/10\/peter-breugel-e1766068387653.jpg);\"><\/div>\n            \t\t\t\t\t<\/div>\n\t\t\t\t\t\t\t\t<div class=\"content\">\n\t\t\t\t\t\t\t\t<h5>Landscapes<\/h5>\n\t\t\t\t\t\t\t<p>To look at the world with curiosity.<\/p>\n\t\t\t\t<\/div>\n\t\t\t\t          <a class=\"link\" href=\"https:\/\/bonillart.tech\/en\/pt-portfolio\/paisajes\/\" target=\"_self\" ><\/a>        \t\t\t<\/div>\n\t\t<\/article>\n\t\t\t\t<article class=\"col-12 col-sm-6 col-md-4 portfolio-item portfolio-grid-item category-32\">\n\t\t\t<div class=\"wrap\">\n        \t\t\t\t\t<div class=\"a-img\" data-original=\"https:\/\/bonillart.tech\/wp-content\/uploads\/2025\/10\/indra-jewels-1.jpg\">\n\t\t\t\t\t\t<div style=\"background-image: url(https:\/\/bonillart.tech\/wp-content\/uploads\/2025\/10\/indra-jewels-1.jpg);\"><\/div>\n            \t\t\t\t\t<\/div>\n\t\t\t\t\t\t\t\t<div class=\"content\">\n\t\t\t\t\t\t\t\t<h5>Portraits<\/h5>\n\t\t\t\t\t\t\t<p>Emotions in a single instant.<\/p>\n\t\t\t\t<\/div>\n\t\t\t\t          <a class=\"link\" href=\"https:\/\/bonillart.tech\/en\/pt-portfolio\/retratos\/\" target=\"_self\" ><\/a>        \t\t\t<\/div>\n\t\t<\/article>\n\t\t\t\t<article class=\"col-12 col-sm-6 col-md-4 portfolio-item portfolio-grid-item category-39\">\n\t\t\t<div class=\"wrap\">\n        \t\t\t\t\t<div class=\"a-img\" data-original=\"https:\/\/bonillart.tech\/wp-content\/uploads\/2025\/10\/1.png\">\n\t\t\t\t\t\t<div style=\"background-image: url(https:\/\/bonillart.tech\/wp-content\/uploads\/2025\/10\/1.png);\"><\/div>\n            \t\t\t\t\t<\/div>\n\t\t\t\t\t\t\t\t<div class=\"content\">\n\t\t\t\t\t\t\t\t<h5>El \u00daltimo Sol La historia que sobrevivi\u00f3 al fin del mundo<\/h5>\n\t\t\t\t\t\t\t<p>Un relato en 360\u00ba donde la memoria y la naturaleza renacen tras el fin del mundo. Vive la historia de THALAMUS y desc\u00fabrela desde todos los \u00e1ngulos. 2025<\/p>\n\t\t\t\t<\/div>\n\t\t\t\t          <a class=\"link\" href=\"https:\/\/bonillart.tech\/en\/pt-portfolio\/el-ultimo-sol-la-historia-que-sobrevivio-al-fin-del-mundo\/\" target=\"_self\" ><\/a>        \t\t\t<\/div>\n\t\t<\/article>\n\t\t\t\t<article class=\"col-12 col-sm-6 col-md-4 portfolio-item portfolio-grid-item category-39\">\n\t\t\t<div class=\"wrap\">\n        \t\t\t\t\t<div class=\"a-img\" data-original=\"https:\/\/bonillart.tech\/wp-content\/uploads\/2025\/11\/Captura-de-pantalla-2025-11-20-102545.png\">\n\t\t\t\t\t\t<div style=\"background-image: url(https:\/\/bonillart.tech\/wp-content\/uploads\/2025\/11\/Captura-de-pantalla-2025-11-20-102545.png);\"><\/div>\n            \t\t\t\t\t<\/div>\n\t\t\t\t\t\t\t\t<div class=\"content\">\n\t\t\t\t\t\t\t\t<h5>Meta 360: Naturaleza Extrema en Colombia<\/h5>\n\t\t\t\t\t\t\t<p>Explora los paisajes y la fauna del Meta colombiano en una experiencia 360\u00ba que te sumerge en la naturaleza viva de Colombia. 2022<\/p>\n\t\t\t\t<\/div>\n\t\t\t\t          <a class=\"link\" href=\"https:\/\/bonillart.tech\/en\/pt-portfolio\/meta-360-naturaleza-extrema-en-colombia\/\" target=\"_self\" ><\/a>        \t\t\t<\/div>\n\t\t<\/article>\n\t\t\t\t<article class=\"col-12 col-sm-6 col-md-4 portfolio-item portfolio-grid-item category-39\">\n\t\t\t<div class=\"wrap\">\n        \t\t\t\t\t<div class=\"a-img\" data-original=\"https:\/\/bonillart.tech\/wp-content\/uploads\/2025\/11\/Captura-de-pantalla-2025-11-20-101123.png\">\n\t\t\t\t\t\t<div style=\"background-image: url(https:\/\/bonillart.tech\/wp-content\/uploads\/2025\/11\/Captura-de-pantalla-2025-11-20-101123.png);\"><\/div>\n            \t\t\t\t\t<\/div>\n\t\t\t\t\t\t\t\t<div class=\"content\">\n\t\t\t\t\t\t\t\t<h5>BOYAC\u00c1 360: El para\u00edso natural de Colombia en video inmersivo<\/h5>\n\t\t\t\t\t\t\t<p> BOYAC\u00c1 360: El para\u00edso natural de Colombia en video inmersivo <\/p>\n\t\t\t\t<\/div>\n\t\t\t\t          <a class=\"link\" href=\"https:\/\/bonillart.tech\/en\/pt-portfolio\/boyaca-360-el-paraiso-natural-de-colombia-en-video-inmersivo\/\" target=\"_self\" ><\/a>        \t\t\t<\/div>\n\t\t<\/article>\n\t\t\t\t<article class=\"col-12 col-sm-6 col-md-4 portfolio-item portfolio-grid-item category-39\">\n\t\t\t<div class=\"wrap\">\n        \t\t\t\t\t<div class=\"a-img\" data-original=\"https:\/\/bonillart.tech\/wp-content\/uploads\/2025\/11\/Captura-de-pantalla-2025-11-20-101743.png\">\n\t\t\t\t\t\t<div style=\"background-image: url(https:\/\/bonillart.tech\/wp-content\/uploads\/2025\/11\/Captura-de-pantalla-2025-11-20-101743.png);\"><\/div>\n            \t\t\t\t\t<\/div>\n\t\t\t\t\t\t\t\t<div class=\"content\">\n\t\t\t\t\t\t\t\t<h5>CUNDINAMARCA 360: Naturaleza y tradici\u00f3n en un viaje inmersivo<\/h5>\n\t\t\t\t\t\t\t<p>Explora Cundinamarca en 360\u00b0, vive su naturaleza, su cultura y sus paisajes en una experiencia inmersiva \u00fanica. 2022<\/p>\n\t\t\t\t<\/div>\n\t\t\t\t          <a class=\"link\" href=\"https:\/\/bonillart.tech\/en\/pt-portfolio\/cundinamarca-360-naturaleza-y-tradicion-en-un-viaje-inmersivo\/\" target=\"_self\" ><\/a>        \t\t\t<\/div>\n\t\t<\/article>\n\t\t\t\t<article class=\"col-12 col-sm-6 col-md-4 portfolio-item portfolio-grid-item category-39\">\n\t\t\t<div class=\"wrap\">\n        \t\t\t\t\t<div class=\"a-img\" data-original=\"https:\/\/bonillart.tech\/wp-content\/uploads\/2025\/11\/Captura-de-pantalla-2025-11-20-102004.png\">\n\t\t\t\t\t\t<div style=\"background-image: url(https:\/\/bonillart.tech\/wp-content\/uploads\/2025\/11\/Captura-de-pantalla-2025-11-20-102004.png);\"><\/div>\n            \t\t\t\t\t<\/div>\n\t\t\t\t\t\t\t\t<div class=\"content\">\n\t\t\t\t\t\t\t\t<h5>PUTUMAYO 360: Viaje inmersivo al coraz\u00f3n amaz\u00f3nico de Colombia<\/h5>\n\t\t\t\t\t\t\t<p>Sum\u00e9rgete en el Putumayo con video 360\u00b0: selva, r\u00edos y cultura ancestral en una aventura inmersiva por la Amazonia colombiana. 2022<\/p>\n\t\t\t\t<\/div>\n\t\t\t\t          <a class=\"link\" href=\"https:\/\/bonillart.tech\/en\/pt-portfolio\/putumayo-360-viaje-inmersivo-al-corazon-amazonico-de-colombia\/\" target=\"_self\" ><\/a>        \t\t\t<\/div>\n\t\t<\/article>\n\t\t\t\t<article class=\"col-12 col-sm-6 col-md-4 portfolio-item portfolio-grid-item category-39\">\n\t\t\t<div class=\"wrap\">\n        \t\t\t\t\t<div class=\"a-img\" data-original=\"https:\/\/bonillart.tech\/wp-content\/uploads\/2025\/11\/Captura-de-pantalla-2025-11-20-102314.png\">\n\t\t\t\t\t\t<div style=\"background-image: url(https:\/\/bonillart.tech\/wp-content\/uploads\/2025\/11\/Captura-de-pantalla-2025-11-20-102314.png);\"><\/div>\n            \t\t\t\t\t<\/div>\n\t\t\t\t\t\t\t\t<div class=\"content\">\n\t\t\t\t\t\t\t\t<h5>AMAZONAS 360: Sum\u00e9rgete en la selva m\u00e1gica de Colombia<\/h5>\n\t\t\t\t\t\t\t<p>Vive la selva y la cultura del Amazonas colombiano en una aventura 360\u00b0 llena de naturaleza y tradiciones \u00fanicas. 2022<\/p>\n\t\t\t\t<\/div>\n\t\t\t\t          <a class=\"link\" href=\"https:\/\/bonillart.tech\/en\/pt-portfolio\/amazonas-360-sumergete-en-la-selva-magica-de-colombia\/\" target=\"_self\" ><\/a>        \t\t\t<\/div>\n\t\t<\/article>\n\t\t\t\t<article class=\"col-12 col-sm-6 col-md-4 portfolio-item portfolio-grid-item category-40\">\n\t\t\t<div class=\"wrap\">\n        \t\t\t\t\t<div class=\"a-img\" data-original=\"https:\/\/bonillart.tech\/wp-content\/uploads\/2025\/11\/Captura-de-pantalla-2025-11-20-102838.png\">\n\t\t\t\t\t\t<div style=\"background-image: url(https:\/\/bonillart.tech\/wp-content\/uploads\/2025\/11\/Captura-de-pantalla-2025-11-20-102838.png);\"><\/div>\n            \t\t\t\t\t<\/div>\n\t\t\t\t\t\t\t\t<div class=\"content\">\n\t\t\t\t\t\t\t\t<h5>Montreal like a bird<\/h5>\n\t\t\t\t\t\t\t<p>Montreal Like a Bird\" te invita a volar sobre los \u00edconos de la ciudad, con la voz atemporal de Leonard Cohen y la energ\u00eda envolvente de Arcade Fire. Una experiencia  que te har\u00e1...<\/p>\n\t\t\t\t<\/div>\n\t\t\t\t          <a class=\"link\" href=\"https:\/\/bonillart.tech\/en\/pt-portfolio\/montreal-like-a-bird\/\" target=\"_self\" ><\/a>        \t\t\t<\/div>\n\t\t<\/article>\n\t\t\t\t<article class=\"col-12 col-sm-6 col-md-4 portfolio-item portfolio-grid-item category-40\">\n\t\t\t<div class=\"wrap\">\n        \t\t\t\t\t<div class=\"a-img\" data-original=\"https:\/\/bonillart.tech\/wp-content\/uploads\/2025\/11\/Captura-de-pantalla-2025-11-20-103119.png\">\n\t\t\t\t\t\t<div style=\"background-image: url(https:\/\/bonillart.tech\/wp-content\/uploads\/2025\/11\/Captura-de-pantalla-2025-11-20-103119.png);\"><\/div>\n            \t\t\t\t\t<\/div>\n\t\t\t\t\t\t\t\t<div class=\"content\">\n\t\t\t\t\t\t\t\t<h5>Ottawa like a Bird<\/h5>\n\t\t\t\t\t\t\t<p>En este video, te llevo a trav\u00e9s de un recorrido a\u00e9reo impresionante por los lugares que hacen \u00fanica a la capital de Canad\u00e1. 2020<\/p>\n\t\t\t\t<\/div>\n\t\t\t\t          <a class=\"link\" href=\"https:\/\/bonillart.tech\/en\/pt-portfolio\/ottawa-like-a-bird\/\" target=\"_self\" ><\/a>        \t\t\t<\/div>\n\t\t<\/article>\n\t\t\t\t<article class=\"col-12 col-sm-6 col-md-4 portfolio-item portfolio-grid-item category-34\">\n\t\t\t<div class=\"wrap\">\n        \t\t\t\t\t<div class=\"a-img\" data-original=\"https:\/\/bonillart.tech\/wp-content\/uploads\/2025\/11\/Captura-de-pantalla-2025-11-20-103520.png\">\n\t\t\t\t\t\t<div style=\"background-image: url(https:\/\/bonillart.tech\/wp-content\/uploads\/2025\/11\/Captura-de-pantalla-2025-11-20-103520.png);\"><\/div>\n            \t\t\t\t\t<\/div>\n\t\t\t\t\t\t\t\t<div class=\"content\">\n\t\t\t\t\t\t\t\t<h5>Arte desde la ra\u00edz<\/h5>\n\t\t\t\t\t\t\t<p>Johana Rubiano, artista del pueblo Ember\u00e1 que habita en la selva del Dari\u00e9n, comparte su mirada sobre la vida en el campo, su arte y la relaci\u00f3n profunda que la une con su famil...<\/p>\n\t\t\t\t<\/div>\n\t\t\t\t          <a class=\"link\" href=\"https:\/\/bonillart.tech\/en\/pt-portfolio\/arte-desde-la-raiz\/\" target=\"_self\" ><\/a>        \t\t\t<\/div>\n\t\t<\/article>\n\t\t\t\t\t\t<\/div>\n\t\t\t\t\t\t\t\t\t<\/div>\n    \t\t\t\t<\/div>\n\t\t\t\t<\/div>\n\t\t\t\t<\/div>\n\t\t\t\t<\/div>","protected":false},"excerpt":{"rendered":"<p>Todos abstract animales portraits Fototales Reflections Paisajes Retratos Documental Marketing IA Abstract Lorem ipsum dolor sit amet consectetur adipiscing elit id, nam vehicula Animals Lorem ipsum dolor sit amet consectetur adipiscing elit id, nam vehicula Portraits Lorem ipsum dolor sit amet consectetur adipiscing elit id, nam vehicula Wirikuta Lorem ipsum dolor sit amet consectetur adipiscing [&hellip;]<\/p>","protected":false},"author":1,"featured_media":0,"parent":0,"menu_order":0,"comment_status":"closed","ping_status":"closed","template":"","meta":{"_acf_changed":false,"footnotes":""},"class_list":["post-4087","page","type-page","status-publish","hentry"],"acf":[],"_hostinger_reach_plugin_has_subscription_block":false,"_hostinger_reach_plugin_is_elementor":false,"_links":{"self":[{"href":"https:\/\/bonillart.tech\/en\/wp-json\/wp\/v2\/pages\/4087","targetHints":{"allow":["GET"]}}],"collection":[{"href":"https:\/\/bonillart.tech\/en\/wp-json\/wp\/v2\/pages"}],"about":[{"href":"https:\/\/bonillart.tech\/en\/wp-json\/wp\/v2\/types\/page"}],"author":[{"embeddable":true,"href":"https:\/\/bonillart.tech\/en\/wp-json\/wp\/v2\/users\/1"}],"replies":[{"embeddable":true,"href":"https:\/\/bonillart.tech\/en\/wp-json\/wp\/v2\/comments?post=4087"}],"version-history":[{"count":13,"href":"https:\/\/bonillart.tech\/en\/wp-json\/wp\/v2\/pages\/4087\/revisions"}],"predecessor-version":[{"id":4235,"href":"https:\/\/bonillart.tech\/en\/wp-json\/wp\/v2\/pages\/4087\/revisions\/4235"}],"wp:attachment":[{"href":"https:\/\/bonillart.tech\/en\/wp-json\/wp\/v2\/media?parent=4087"}],"curies":[{"name":"wp","href":"https:\/\/api.w.org\/{rel}","templated":true}]}}